{"id":60,"date":"2026-04-23T21:22:05","date_gmt":"2026-04-23T21:22:05","guid":{"rendered":"https:\/\/www.michaldord.cz\/?page_id=60"},"modified":"2026-04-26T15:13:07","modified_gmt":"2026-04-26T15:13:07","slug":"domovska-stranka","status":"publish","type":"page","link":"https:\/\/www.michaldord.cz\/","title":{"rendered":"Domovsk\u00e1 str\u00e1nka"},"content":{"rendered":"\t\t<div data-elementor-type=\"wp-page\" data-elementor-id=\"60\" class=\"elementor elementor-60\" data-elementor-post-type=\"page\">\n\t\t\t\t<div class=\"elementor-element elementor-element-c56d316 vcr-overlay e-flex e-con-boxed e-con e-parent\" data-id=\"c56d316\" data-element_type=\"container\" data-e-type=\"container\">\n\t\t\t\t\t<div class=\"e-con-inner\">\n\t\t<div class=\"elementor-element elementor-element-483b109 e-con-full elementor-hidden-mobile e-flex e-con e-child\" data-id=\"483b109\" data-element_type=\"container\" data-e-type=\"container\">\n\t\t\t\t<\/div>\n\t\t<div class=\"elementor-element elementor-element-104e6cc e-con-full e-flex e-con e-child\" data-id=\"104e6cc\" data-element_type=\"container\" data-e-type=\"container\">\n\t\t\t\t<div class=\"elementor-element elementor-element-5fbc6eb elementor-widget elementor-widget-image\" data-id=\"5fbc6eb\" data-element_type=\"widget\" data-e-type=\"widget\" data-widget_type=\"image.default\">\n\t\t\t\t\t\t\t\t\t\t\t\t\t\t\t<img fetchpriority=\"high\" decoding=\"async\" width=\"690\" height=\"417\" src=\"https:\/\/www.michaldord.cz\/wp-content\/uploads\/2026\/04\/Navrh-bez-nazvu-21-e1777034260515.png\" class=\"attachment-1536x1536 size-1536x1536 wp-image-152\" alt=\"\" srcset=\"https:\/\/www.michaldord.cz\/wp-content\/uploads\/2026\/04\/Navrh-bez-nazvu-21-e1777034260515.png 690w, https:\/\/www.michaldord.cz\/wp-content\/uploads\/2026\/04\/Navrh-bez-nazvu-21-e1777034260515-300x181.png 300w\" sizes=\"(max-width: 690px) 100vw, 690px\" \/>\t\t\t\t\t\t\t\t\t\t\t\t\t\t\t<\/div>\n\t\t\t\t<div class=\"elementor-element elementor-element-fc83b7b elementor-widget elementor-widget-heading\" data-id=\"fc83b7b\" data-element_type=\"widget\" data-e-type=\"widget\" data-widget_type=\"heading.default\">\n\t\t\t\t\t<h2 class=\"elementor-heading-title elementor-size-default\">O mn\u011b\n<\/h2>\t\t\t\t<\/div>\n\t\t\t\t<div class=\"elementor-element elementor-element-5ed851c elementor-widget elementor-widget-text-editor\" data-id=\"5ed851c\" data-element_type=\"widget\" data-e-type=\"widget\" data-widget_type=\"text-editor.default\">\n\t\t\t\t\t\t\t\t\t<p>Webov\u00fd v\u00fdvoj\u00e1\u0159 specializuj\u00edc\u00ed se&nbsp; ve WordPressu a Elementoru. Tento osobn\u00ed web slou\u017e\u00ed k zaznamen\u00e1v\u00e1n\u00ed r\u016fzn\u00fdch poznatk\u016f, my\u0161lenek a kon\u00ed\u010dk\u016f.&nbsp;<\/p>\t\t\t\t\t\t\t\t<\/div>\n\t\t\t\t<\/div>\n\t\t<div class=\"elementor-element elementor-element-0273774 e-con-full e-flex e-con e-child\" data-id=\"0273774\" data-element_type=\"container\" data-e-type=\"container\">\n\t\t\t\t<div class=\"elementor-element elementor-element-dc44015 elementor-widget elementor-widget-html\" data-id=\"dc44015\" data-element_type=\"widget\" data-e-type=\"widget\" data-widget_type=\"html.default\">\n\t\t\t\t\t<script>\r\ndocument.addEventListener(\"DOMContentLoaded\", function () {\r\n    try {\r\n        const rainAudio = document.createElement('audio');\r\n        rainAudio.src = 'https:\/\/michaldord.com\/wp-content\/uploads\/2026\/01\/Rain_thunder_and_birds.mp3';\r\n        rainAudio.loop = true;\r\n        rainAudio.autoplay = true;\r\n        rainAudio.volume = 0.3;\r\n        rainAudio.preload = 'auto';\r\n        rainAudio.style.display = 'none';\r\n        document.body.appendChild(rainAudio);\r\n\r\n        const playPromise = rainAudio.play();\r\n        if (playPromise !== undefined) {\r\n            playPromise.catch(() => {});\r\n        }\r\n\r\n        const btn = document.createElement('button');\r\n        btn.textContent = rainAudio.paused ? \"RAIN OFF\" : \"RAIN ON\";\r\n\r\n        Object.assign(btn.style, {\r\n            position: \"fixed\",\r\n            bottom: \"20px\",\r\n            right: \"20px\",\r\n            zIndex: 9999,\r\n            padding: \"10px 18px\",\r\n            background: \"rgba(0,0,0,0.25)\",\r\n            color: \"#ffffff\",\r\n            border: \"none\",\r\n            borderRadius: \"8px\",\r\n            cursor: \"pointer\",\r\n            fontFamily: \"'Brockmann', sans-serif\",\r\n            fontWeight: \"500\",\r\n            fontSize: \"16px\",\r\n            letterSpacing: \"0.5px\",\r\n            transition: \"all 0.25s ease\",\r\n            boxShadow: \"0 2px 6px rgba(0,0,0,0.3)\",\r\n            backdropFilter: \"blur(6px)\",\r\n            WebkitBackdropFilter: \"blur(6px)\"\r\n        });\r\n\r\n        \/\/ Hover effect\r\n        btn.addEventListener(\"mouseenter\", () => {\r\n            btn.style.background = \"rgba(0,0,0,0.45)\";\r\n            btn.style.transform = \"translateY(-2px)\";\r\n            btn.style.boxShadow = \"0 4px 10px rgba(0,0,0,0.4)\";\r\n        });\r\n        btn.addEventListener(\"mouseleave\", () => {\r\n            btn.style.background = \"rgba(0,0,0,0.25)\";\r\n            btn.style.transform = \"translateY(0)\";\r\n            btn.style.boxShadow = \"0 2px 6px rgba(0,0,0,0.3)\";\r\n        });\r\n\r\n        \/\/ Toggle audio on click\r\n        btn.addEventListener(\"click\", function () {\r\n            if (rainAudio.paused) {\r\n                rainAudio.play().catch(() => {});\r\n                btn.textContent = \"RAIN ON\";\r\n            } else {\r\n                rainAudio.pause();\r\n                btn.textContent = \"RAIN OFF\";\r\n            }\r\n        });\r\n\r\n        document.body.appendChild(btn);\r\n\r\n        \/\/ Responsive adjustments\r\n        function adjustButtonForMobile() {\r\n            if (window.innerWidth <= 768) { \/\/ mobile breakpoint\r\n                btn.style.padding = \"8px 14px\";\r\n                btn.style.fontSize = \"14px\";\r\n                btn.style.bottom = \"15px\";\r\n                btn.style.right = \"15px\";\r\n                btn.style.borderRadius = \"6px\";\r\n            } else {\r\n                btn.style.padding = \"10px 18px\";\r\n                btn.style.fontSize = \"16px\";\r\n                btn.style.bottom = \"20px\";\r\n                btn.style.right = \"20px\";\r\n                btn.style.borderRadius = \"8px\";\r\n            }\r\n        }\r\n\r\n        window.addEventListener(\"resize\", adjustButtonForMobile);\r\n        adjustButtonForMobile(); \/\/ initial call\r\n\r\n    } catch (e) {\r\n        console.error(\"Rain player error prevented crash:\", e);\r\n    }\r\n});\r\n<\/script>\r\n\t\t\t\t<\/div>\n\t\t\t\t<\/div>\n\t\t\t\t\t<\/div>\n\t\t\t\t<\/div>\n\t\t<div class=\"elementor-element elementor-element-1fb2f81 vcr-overlay e-flex e-con-boxed e-con e-parent\" data-id=\"1fb2f81\" data-element_type=\"container\" data-e-type=\"container\">\n\t\t\t\t\t<div class=\"e-con-inner\">\n\t\t<div class=\"elementor-element elementor-element-d105763 e-con-full e-flex e-con e-child\" data-id=\"d105763\" data-element_type=\"container\" data-e-type=\"container\">\n\t\t\t\t<div class=\"elementor-element elementor-element-7e04cba elementor-widget elementor-widget-heading\" data-id=\"7e04cba\" data-element_type=\"widget\" data-e-type=\"widget\" data-widget_type=\"heading.default\">\n\t\t\t\t\t<h2 class=\"elementor-heading-title elementor-size-default\">2026<\/h2>\t\t\t\t<\/div>\n\t\t\t\t<div class=\"elementor-element elementor-element-8e61431 elementor-widget elementor-widget-html\" data-id=\"8e61431\" data-element_type=\"widget\" data-e-type=\"widget\" data-widget_type=\"html.default\">\n\t\t\t\t\t<div id=\"live-clock\">\n  <span class=\"clock-label\">Varnsdorf<\/span>\n  <span class=\"clock-time\"><\/span>\n<\/div>\t\t\t\t<\/div>\n\t\t\t\t<\/div>\n\t\t<div class=\"elementor-element elementor-element-dc9339a e-con-full e-flex e-con e-child\" data-id=\"dc9339a\" data-element_type=\"container\" data-e-type=\"container\">\n\t\t<div class=\"elementor-element elementor-element-fcf5254 e-con-full e-flex e-con e-child\" data-id=\"fcf5254\" data-element_type=\"container\" data-e-type=\"container\">\n\t\t\t\t<div class=\"elementor-element elementor-element-747b3f4 elementor-widget elementor-widget-heading\" data-id=\"747b3f4\" data-element_type=\"widget\" data-e-type=\"widget\" data-widget_type=\"heading.default\">\n\t\t\t\t\t<h2 class=\"elementor-heading-title elementor-size-default\">Filmy<\/h2>\t\t\t\t<\/div>\n\t\t\t\t<div class=\"elementor-element elementor-element-4a45aaf elementor-widget elementor-widget-text-editor\" data-id=\"4a45aaf\" data-element_type=\"widget\" data-e-type=\"widget\" data-widget_type=\"text-editor.default\">\n\t\t\t\t\t\t\t\t\t<ul><li>Master and Commander &#8211; 9\/10<\/li><li>Network &#8211; 10\/10<\/li><li>Memories. &#8211; 6\/10<\/li><li>Marty Supreme &#8211; 8\/10<\/li><li>Hard Boiled &#8211; 9\/10<\/li><li>Fargo (TV show) &#8211; 8\/10<\/li><li>Killer<\/li><li>Zlod\u011bji kol<\/li><li>8 1\/2<\/li><li>Dog Day Afternoon &#8211; 8\/10<\/li><li>Dogville<\/li><li>Red Planet &#8211; 7\/10<\/li><li>Cloud &#8211; 7\/10<\/li><li>Frieren<\/li><li>Steinsgate<\/li><li>Oddyssey<\/li><li>Ikiru<\/li><li>Kagemusha<\/li><li>Yojimbo<\/li><li>Seven Samurai<\/li><li>Rashomon<\/li><li>Dune3<\/li><li>Ergo Proxy<\/li><li>Great Teacher Onizuka<\/li><li>Samurai Champloo<\/li><\/ul>\t\t\t\t\t\t\t\t<\/div>\n\t\t\t\t<\/div>\n\t\t<div class=\"elementor-element elementor-element-810e88c e-con-full e-flex e-con e-child\" data-id=\"810e88c\" data-element_type=\"container\" data-e-type=\"container\">\n\t\t\t\t<div class=\"elementor-element elementor-element-9827091 elementor-widget elementor-widget-heading\" data-id=\"9827091\" data-element_type=\"widget\" data-e-type=\"widget\" data-widget_type=\"heading.default\">\n\t\t\t\t\t<h2 class=\"elementor-heading-title elementor-size-default\">Hry<\/h2>\t\t\t\t<\/div>\n\t\t\t\t<div class=\"elementor-element elementor-element-cf54c27 elementor-widget elementor-widget-text-editor\" data-id=\"cf54c27\" data-element_type=\"widget\" data-e-type=\"widget\" data-widget_type=\"text-editor.default\">\n\t\t\t\t\t\t\t\t\t<ul class=\"ul1\"><li class=\"li1\">RE9 &#8211; 8\/10<\/li><li class=\"li1\">Nioh3 &#8211; 7\/10<\/li><li class=\"li1\">Hollow Knight &#8211; 8\/10<\/li><li class=\"li1\">Animal well &#8211; 9\/10<\/li><li class=\"li1\">Orbitals<\/li><li>Nier: Automata<\/li><li>Ori<\/li><li class=\"li1\">Chrono trigger<\/li><li class=\"li1\">Astro bot &#8211; 7\/10<\/li><li class=\"li1\">Ico<\/li><li class=\"li1\">Shadow of Collosus<\/li><li>Romeo is a Dead Man<\/li><li>Mio: Memories in Orbit<\/li><\/ul>\t\t\t\t\t\t\t\t<\/div>\n\t\t\t\t<\/div>\n\t\t<div class=\"elementor-element elementor-element-951c254 e-con-full e-flex e-con e-child\" data-id=\"951c254\" data-element_type=\"container\" data-e-type=\"container\">\n\t\t\t\t<div class=\"elementor-element elementor-element-9b1d717 elementor-widget elementor-widget-heading\" data-id=\"9b1d717\" data-element_type=\"widget\" data-e-type=\"widget\" data-widget_type=\"heading.default\">\n\t\t\t\t\t<h2 class=\"elementor-heading-title elementor-size-default\">Knihy<\/h2>\t\t\t\t<\/div>\n\t\t\t\t<div class=\"elementor-element elementor-element-fb626e1 elementor-widget elementor-widget-text-editor\" data-id=\"fb626e1\" data-element_type=\"widget\" data-e-type=\"widget\" data-widget_type=\"text-editor.default\">\n\t\t\t\t\t\t\t\t\t<ul class=\"ul1\"><li class=\"li1\">Millenium trilogy &#8211; 9\/10<\/li><li>GTO<\/li><li class=\"li1\">LOTR trilogy<\/li><li class=\"li1\">Berserk<\/li><li class=\"li1\">Zlocina trest<\/li><li class=\"li1\">Mistr a marketka<\/li><li class=\"li1\">Obraz d graye<\/li><li class=\"li1\">Lolita<\/li><li class=\"li1\">Drakula<\/li><li class=\"li1\">Selfish gene<\/li><li class=\"li1\">Blame!<\/li><li class=\"li1\">Origin of species<\/li><li class=\"li1\">Sixth extinction<\/li><li class=\"li1\">Oddyssea<\/li><li class=\"li1\">Omnivoirs dillema<\/li><li class=\"li1\">Hooked<\/li><li class=\"li1\">Salt sugar fat<\/li><\/ul>\t\t\t\t\t\t\t\t<\/div>\n\t\t\t\t<\/div>\n\t\t<div class=\"elementor-element elementor-element-1aa758c e-con-full e-flex e-con e-child\" data-id=\"1aa758c\" data-element_type=\"container\" data-e-type=\"container\">\n\t\t\t\t<div class=\"elementor-element elementor-element-8293d34 elementor-widget elementor-widget-heading\" data-id=\"8293d34\" data-element_type=\"widget\" data-e-type=\"widget\" data-widget_type=\"heading.default\">\n\t\t\t\t\t<h2 class=\"elementor-heading-title elementor-size-default\">Hudba<\/h2>\t\t\t\t<\/div>\n\t\t\t\t<div class=\"elementor-element elementor-element-de89e70 elementor-widget elementor-widget-text-editor\" data-id=\"de89e70\" data-element_type=\"widget\" data-e-type=\"widget\" data-widget_type=\"text-editor.default\">\n\t\t\t\t\t\t\t\t\t<ul class=\"ul1\"><li>Miles Davis<\/li><li class=\"li1\">Bill Evans<\/li><li>Tchaikovsky<\/li><\/ul>\t\t\t\t\t\t\t\t<\/div>\n\t\t\t\t<\/div>\n\t\t\t\t<\/div>\n\t\t<div class=\"elementor-element elementor-element-b2ddd34 e-con-full e-flex e-con e-child\" data-id=\"b2ddd34\" data-element_type=\"container\" data-e-type=\"container\">\n\t\t\t\t<\/div>\n\t\t\t\t\t<\/div>\n\t\t\t\t<\/div>\n\t\t\t\t<\/div>\n\t\t","protected":false},"excerpt":{"rendered":"<p>O mn\u011b Webov\u00fd v\u00fdvoj\u00e1\u0159 specializuj\u00edc\u00ed se&nbsp; ve WordPressu a Elementoru. Tento osobn\u00ed web slou\u017e\u00ed k zaznamen\u00e1v\u00e1n\u00ed r\u016fzn\u00fdch poznatk\u016f, my\u0161lenek a kon\u00ed\u010dk\u016f.&nbsp; 2026 Varnsdorf Filmy Master and Commander &#8211; 9\/10 Network &#8211; 10\/10 Memories. &#8211; 6\/10 Marty Supreme &#8211; 8\/10 Hard Boiled &#8211; 9\/10 Fargo (TV show) &#8211; 8\/10 Killer Zlod\u011bji kol 8 1\/2 Dog Day [&hellip;]<\/p>\n","protected":false},"author":1,"featured_media":0,"parent":0,"menu_order":0,"comment_status":"closed","ping_status":"closed","template":"","meta":{"footnotes":""},"class_list":["post-60","page","type-page","status-publish","hentry"],"_links":{"self":[{"href":"https:\/\/www.michaldord.cz\/index.php\/wp-json\/wp\/v2\/pages\/60","targetHints":{"allow":["GET"]}}],"collection":[{"href":"https:\/\/www.michaldord.cz\/index.php\/wp-json\/wp\/v2\/pages"}],"about":[{"href":"https:\/\/www.michaldord.cz\/index.php\/wp-json\/wp\/v2\/types\/page"}],"author":[{"embeddable":true,"href":"https:\/\/www.michaldord.cz\/index.php\/wp-json\/wp\/v2\/users\/1"}],"replies":[{"embeddable":true,"href":"https:\/\/www.michaldord.cz\/index.php\/wp-json\/wp\/v2\/comments?post=60"}],"version-history":[{"count":154,"href":"https:\/\/www.michaldord.cz\/index.php\/wp-json\/wp\/v2\/pages\/60\/revisions"}],"predecessor-version":[{"id":252,"href":"https:\/\/www.michaldord.cz\/index.php\/wp-json\/wp\/v2\/pages\/60\/revisions\/252"}],"wp:attachment":[{"href":"https:\/\/www.michaldord.cz\/index.php\/wp-json\/wp\/v2\/media?parent=60"}],"curies":[{"name":"wp","href":"https:\/\/api.w.org\/{rel}","templated":true}]}}